{"id":505,"date":"2023-12-26T12:12:28","date_gmt":"2023-12-26T12:12:28","guid":{"rendered":"https:\/\/www.nextgen.pr\/lune\/"},"modified":"2024-09-27T18:08:25","modified_gmt":"2024-09-27T18:08:25","slug":"active-balanced-relaxed","status":"publish","type":"page","link":"https:\/\/www.nextgen.pr\/en\/catalogo-de-marcas\/active-balanced-relaxed\/","title":{"rendered":"Active balanced relaxed"},"content":{"rendered":"<section class=\"page-title wp-image-436\" style=\"background-image:url(https:\/\/www.nextgen.pr\/wp-content\/uploads\/2023\/12\/bg-sky-hi.jpg);\" background=\"https:\/\/www.nextgen.pr\/wp-content\/uploads\/2023\/12\/bg-sky-hi.jpg\">\n<div class=\"auto-container\">\n<div class=\"title-outer\">\n<h1 class=\"title\">Active, Balanced, Relaxed<\/h1>\n<ul class=\"page-breadcrumb\">\n<li class=\"lune-block\" editable=\"inline\"><a href=\"\/en\/\" class=\"\">Home<\/a><\/li>\n<li class=\"lune-block\" editable=\"inline\"><a href=\"\/en\/catalogo-de-marcas\/\" class=\"\">Brands Catalog<\/a><\/li>\n<li class=\"lune-block\" editable=\"inline\">Active Balanced Relaxed<\/li>\n<\/ul><\/div>\n<\/p><\/div>\n<\/section>\n<p><!-- end main-content --><\/p>\n<p><!--Start Services Details--><\/p>\n<section class=\"services-details pb-1\">\n<div class=\"container\">\n<div class=\"row\">\n<div class=\"col-lg-3 col-xl-3\">\n<div class=\"service-sidebar lune-block mt-5\">\n\t\t\t\t\t<!--Start Services Details Sidebar Single--><\/p>\n<div class=\"sidebar-widget service-sidebar-single\">\n<div class=\"service-sidebar wow fadeInUp\" data-wow-delay=\"0.1s\" data-wow-duration=\"1200m\">\n<div class=\"service-list\">\n<ul class=\"undefined\">\n<li editable=\"inline\" class=\"lune-block\"><a href=\"\/en\/catalogo-de-marcas\/fuego\/\" class=\"\"><i class=\"fas fa-angle-right\"><\/i><span>Fuego<\/span><\/a>\n\t\t\t\t\t\t\t\t\t<\/li>\n<li class=\"lune-block\" editable=\"inline\"><a href=\"\/en\/skyhi\/\"><i class=\"fas fa-angle-right\"><\/i><span>Sky Hi<\/span><\/a><\/li>\n<li class=\"lune-block\" editable=\"inline\"><a href=\"\/en\/catalogo-de-marcas\/kuni\/\"><i class=\"fas fa-angle-right\"><\/i><span>Kuni<\/span><\/a><\/li>\n<li class=\"lune-block\" editable=\"inline\"><a href=\"\/en\/catalogo-de-marcas\/flavors\/\"><i class=\"fas fa-angle-right\"><\/i><span>Flavors<\/span><\/a>\n\t\t\t\t\t\t\t\t\t<\/li>\n<li class=\"lune-block\" editable=\"inline\"><a href=\"\/en\/catalogo-de-marcas\/heal\/\"><i class=\"fas fa-angle-right\"><\/i><span>Heal<\/span><\/a>\n\t\t\t\t\t\t\t\t\t<\/li>\n<li class=\"lune-block\" editable=\"inline\"><a href=\"\/en\/catalogo-de-marcas\/active-balanced-relaxed\/\" class=\"current\"><i class=\"fas fa-angle-right\"><\/i><span>Active Balanced Relaxed<\/span><\/a>\n\t\t\t\t\t\t\t\t\t<\/li>\n<li class=\"lune-block\" editable=\"inline\"><a href=\"\/en\/tyson\/\" class=\"bg-draco-blue\"><i class=\"fas fa-angle-right bg-draco-red\" style=\"background-color:\"><\/i><span>Tyson 2.0<\/span><\/a><\/li>\n<\/ul><\/div>\n<\/p><\/div>\n<\/p><\/div>\n<p>\t\t\t\t\t<!--Start Services Details Sidebar Single--><\/p>\n<div class=\"sidebar-widget service-sidebar-single mt-5\">\n<div class=\"service-sidebar-single-btn wow fadeInUp\" data-wow-delay=\"0.5s\" data-wow-duration=\"1200m\">\n\t\t\t\t\t\t\t<a href=\"https:\/\/www.nextgen.pr\/wp-content\/uploads\/2023\/12\/Catalogo-de-Productos-2023-2024.pdf\" class=\"theme-btn btn-style-one d-grid\"><span class=\"btn-title\"><span class=\"fas fa-file-pdf\"><\/span> Download Catalog<\/span><\/a>\n\t\t\t\t\t\t<\/div>\n<\/p><\/div>\n<p>\t\t\t\t\t<!--End Services Details Sidebar Single-->\n\t\t\t\t<\/div>\n<\/p><\/div>\n<div class=\"col-lg-9 col-xl-9 pt-1 mt-1\">\n<div class=\"about-section-three\" style=\"background-image: url(images\/background\/5.jpg)\">\n<div class=\"auto-container\">\n<div class=\"row\">\n\t\t\t\t\t\t\t<!-- Content Column --><\/p>\n<div class=\"content-column col-lg-6 col-md-12 col-sm-12 order-3\">\n<div class=\"inner-column wow fadeInRight animated animated animated animated animated animated animated animated\" style=\"visibility: visible; animation-name: fadeInRight;\">\n<div class=\"sec-title\" editable=\"rich\">\n<p class=\"text\" editable=\"inline\">There is an ACTIVE BALANCED RELAXED product for any need, at any time of the day.<br \/>Every patient has specific needs, and understanding that, we've designed a product line categorized by simple names that easily describe their function. This allows patients various 'Full Spectrum' alternatives within a single brand that is active, balanced, and relaxed.<\/p>\n<\/p><\/div>\n<ul class=\"feature-list\" editable=\"inline\">\n<\/ul><\/div>\n<\/p><\/div>\n<p>\t\t\t\t\t\t\t<!-- Image Column --><\/p>\n<div class=\"image-column col-lg-6 col-md-12 col-sm-12\">\n<div class=\"image-box\">\n<figure class=\"image-2\" data-wow-delay=\"300ms\"><img loading=\"lazy\" decoding=\"async\" src=\"https:\/\/www.nextgen.pr\/wp-content\/uploads\/2023\/12\/Captura-de-pantalla-2023-12-26-a-las-7.16.06\u202fa.-m.png\" width=\"408\" height=\"407\" srcset=\"https:\/\/www.nextgen.pr\/wp-content\/uploads\/2023\/12\/Captura-de-pantalla-2023-12-26-a-las-7.16.06\u202fa.-m.png 408w, https:\/\/www.nextgen.pr\/wp-content\/uploads\/2023\/12\/Captura-de-pantalla-2023-12-26-a-las-7.16.06\u202fa.-m-300x300.png 300w, https:\/\/www.nextgen.pr\/wp-content\/uploads\/2023\/12\/Captura-de-pantalla-2023-12-26-a-las-7.16.06\u202fa.-m-150x150.png 150w\" sizes=\"auto, (max-width: 408px) 100vw, 408px\" class=\"img-fluid wp-image-509\" style=\"width: 100%!important;\"><br \/>\n\t\t\t\t\t\t\t\t\t<\/figure>\n<\/p><\/div>\n<\/p><\/div>\n<\/p><\/div>\n<\/p><\/div>\n<\/p><\/div>\n<div class=\"container mt-5 pt-5\">\n<div class=\"row\">\n<div class=\"col col-12 col-md-6 col-lg-4\">\n<div class=\"inner-box\">\n<div class=\"image-box\">\n<div class=\"image\"><img loading=\"lazy\" decoding=\"async\" src=\"https:\/\/www.nextgen.pr\/wp-content\/uploads\/2023\/12\/Captura-de-pantalla-2023-12-26-a-las-7.16.32\u202fa.-m.png\" width=\"308\" height=\"325\" srcset=\"https:\/\/www.nextgen.pr\/wp-content\/uploads\/2023\/12\/Captura-de-pantalla-2023-12-26-a-las-7.16.32\u202fa.-m.png 308w, https:\/\/www.nextgen.pr\/wp-content\/uploads\/2023\/12\/Captura-de-pantalla-2023-12-26-a-las-7.16.32\u202fa.-m-284x300.png 284w\" class=\"wp-image-510 img-fluid\" style=\"aspect-ratio: 1\/1;object-fit: cover; width:100%\" alt=\"Active Tinture\"><\/div>\n<\/p><\/div>\n<div class=\"content\">\n<h4 class=\"mt-2 m-0 p-0\" editable=\"inline\">Active Tincture<\/h4>\n<p class=\"\" editable=\"inline\">(Sativa 15ml)<\/p>\n<\/p><\/div>\n<\/p><\/div>\n<\/p><\/div>\n<div class=\"col col-12 col-md-6 col-lg-4\">\n<div class=\"inner-box\">\n<div class=\"image-box\">\n<div class=\"image\"><img loading=\"lazy\" decoding=\"async\" src=\"https:\/\/www.nextgen.pr\/wp-content\/uploads\/2023\/12\/Captura-de-pantalla-2023-12-26-a-las-7.19.48\u202fa.-m.png\" width=\"316\" height=\"312\" srcset=\"https:\/\/www.nextgen.pr\/wp-content\/uploads\/2023\/12\/Captura-de-pantalla-2023-12-26-a-las-7.19.48\u202fa.-m.png 316w, https:\/\/www.nextgen.pr\/wp-content\/uploads\/2023\/12\/Captura-de-pantalla-2023-12-26-a-las-7.19.48\u202fa.-m-300x296.png 300w\" sizes=\"auto, (max-width: 316px) 100vw, 316px\" class=\"wp-image-511\" style=\"aspect-ratio: 1\/1;object-fit: cover; width:100%\"><\/div>\n<\/p><\/div>\n<div class=\"content\">\n<h4 class=\"mt-2 m-0 p-0\" editable=\"inline\">Balanced Tincture<\/h4>\n<p class=\"\" editable=\"inline\">(H\u00edbrido 15ml)<\/p>\n<\/p><\/div>\n<\/p><\/div>\n<\/p><\/div>\n<div class=\"col col-12 col-md-6 col-lg-4\">\n<div class=\"inner-box\">\n<div class=\"image-box\">\n<div class=\"image\"><img loading=\"lazy\" decoding=\"async\" src=\"https:\/\/www.nextgen.pr\/wp-content\/uploads\/2023\/12\/Captura-de-pantalla-2023-12-26-a-las-7.21.34\u202fa.-m.png\" width=\"302\" height=\"306\" srcset=\"https:\/\/www.nextgen.pr\/wp-content\/uploads\/2023\/12\/Captura-de-pantalla-2023-12-26-a-las-7.21.34\u202fa.-m.png 302w, https:\/\/www.nextgen.pr\/wp-content\/uploads\/2023\/12\/Captura-de-pantalla-2023-12-26-a-las-7.21.34\u202fa.-m-296x300.png 296w\" sizes=\"auto, (max-width: 302px) 100vw, 302px\" class=\"wp-image-515\" style=\"aspect-ratio: 1\/1;object-fit: cover; width:100%\" alt=\"Relaxed Tincture\"><\/div>\n<\/p><\/div>\n<div class=\"content\">\n<h4 class=\"mt-2 m-0 p-0\" editable=\"inline\">Relaxed&nbsp;Tincture<\/h4>\n<p class=\"\" editable=\"inline\">(H\u00edbrido 15ml)<\/p>\n<\/p><\/div>\n<\/p><\/div>\n<\/p><\/div>\n<div class=\"col col-12 col-md-6 col-lg-4\">\n<div class=\"inner-box\">\n<div class=\"image-box\">\n<div class=\"image\"><img loading=\"lazy\" decoding=\"async\" src=\"https:\/\/www.nextgen.pr\/wp-content\/uploads\/2023\/12\/Captura-de-pantalla-2023-12-26-a-las-7.22.33\u202fa.-m.png\" width=\"262\" height=\"299\" class=\"wp-image-516\" style=\"aspect-ratio: 1\/1;object-fit: cover; width:100%\"><\/div>\n<\/p><\/div>\n<div class=\"content\">\n<h4 class=\"mt-2 m-0 p-0\" editable=\"inline\">Relaxed Gencaps<\/h4>\n<p class=\"\" editable=\"inline\">(Sativa 25mg)<\/p>\n<\/p><\/div>\n<\/p><\/div>\n<\/p><\/div>\n<div class=\"col col-12 col-md-6 col-lg-4\">\n<div class=\"inner-box\">\n<div class=\"image-box\">\n<div class=\"image\"><img decoding=\"async\" src=\"https:\/\/www.nextgen.pr\/wp-content\/uploads\/2023\/12\/Captura-de-pantalla-2023-12-26-a-las-7.23.53\u202fa.-m.png\" style=\"aspect-ratio: 1\/1;object-fit: cover; width:100%\"><\/div>\n<\/p><\/div>\n<div class=\"content\">\n<h4 class=\"mt-2 m-0 p-0\" editable=\"inline\">Active Gencaps<\/h4>\n<p class=\"\" editable=\"inline\">(H\u00edbrido 25mg)<\/p>\n<\/p><\/div>\n<\/p><\/div>\n<\/p><\/div>\n<div class=\"col col-12 col-md-6 col-lg-4\">\n<div class=\"inner-box\">\n<div class=\"image-box\">\n<div class=\"image\"><img loading=\"lazy\" decoding=\"async\" src=\"https:\/\/www.nextgen.pr\/wp-content\/uploads\/2023\/12\/balanced-cartridge.png\" width=\"727\" height=\"727\" class=\"wp-image-518\" srcset=\"https:\/\/www.nextgen.pr\/wp-content\/uploads\/2023\/12\/balanced-cartridge.png 727w, https:\/\/www.nextgen.pr\/wp-content\/uploads\/2023\/12\/balanced-cartridge-300x300.png 300w, https:\/\/www.nextgen.pr\/wp-content\/uploads\/2023\/12\/balanced-cartridge-150x150.png 150w\" sizes=\"auto, (max-width: 727px) 100vw, 727px\" style=\"aspect-ratio: 1\/1;object-fit: cover\"><\/div>\n<\/p><\/div>\n<div class=\"content\">\n<h4 class=\"mt-2 m-0 p-0\" editable=\"inline\">Balanced Cartridge<\/h4>\n<p class=\"\" editable=\"inline\">(H\u00edbrido 500mg)<\/p>\n<\/p><\/div>\n<\/p><\/div>\n<\/p><\/div>\n<div class=\"col col-12 col-md-6 col-lg-4\">\n<div class=\"inner-box\">\n<div class=\"image-box\">\n<div class=\"image\"><img loading=\"lazy\" decoding=\"async\" src=\"https:\/\/www.nextgen.pr\/wp-content\/uploads\/2023\/12\/active-cartridgee.png\" width=\"725\" height=\"727\" class=\"wp-image-519\" srcset=\"https:\/\/www.nextgen.pr\/wp-content\/uploads\/2023\/12\/active-cartridgee.png 725w, https:\/\/www.nextgen.pr\/wp-content\/uploads\/2023\/12\/active-cartridgee-300x300.png 300w, https:\/\/www.nextgen.pr\/wp-content\/uploads\/2023\/12\/active-cartridgee-150x150.png 150w\" sizes=\"auto, (max-width: 725px) 100vw, 725px\" style=\"aspect-ratio: 1\/1;object-fit: cover\" alt=\"Active Cartridge\"><\/div>\n<\/p><\/div>\n<div class=\"content\">\n<h4 class=\"mt-2 m-0 p-0\" editable=\"inline\">Active Cartridge<\/h4>\n<p class=\"\" editable=\"inline\">(Sativa 500mg)<\/p>\n<\/p><\/div>\n<\/p><\/div>\n<\/p><\/div>\n<div class=\"col col-12 col-md-6 col-lg-4\">\n<div class=\"inner-box\">\n<div class=\"image-box\">\n<div class=\"image\"><img loading=\"lazy\" decoding=\"async\" src=\"https:\/\/www.nextgen.pr\/wp-content\/uploads\/2023\/12\/Relaxed-cartridge.png\" width=\"725\" height=\"725\" class=\"wp-image-520\" srcset=\"https:\/\/www.nextgen.pr\/wp-content\/uploads\/2023\/12\/Relaxed-cartridge.png 725w, https:\/\/www.nextgen.pr\/wp-content\/uploads\/2023\/12\/Relaxed-cartridge-300x300.png 300w, https:\/\/www.nextgen.pr\/wp-content\/uploads\/2023\/12\/Relaxed-cartridge-150x150.png 150w\" sizes=\"auto, (max-width: 725px) 100vw, 725px\" style=\"aspect-ratio: 1\/1;object-fit: cover\" alt=\"Reelaxed cartridge\"><\/div>\n<\/p><\/div>\n<div class=\"content\">\n<h4 class=\"mt-2 m-0 p-0\" editable=\"inline\">Relaxed Cartridge<\/h4>\n<p class=\"\" editable=\"inline\">(H\u00edbrido 500mg)<\/p>\n<\/p><\/div>\n<\/p><\/div>\n<\/p><\/div>\n<\/p><\/div>\n<\/p><\/div>\n<\/p><\/div>\n<\/p><\/div>\n<\/p><\/div>\n<\/section>\n<p><!--End Main Footer --><\/p>","protected":false},"excerpt":{"rendered":"<p>Active, Balanced, Relaxed Home Cat\u00e1logo de Marcas Active Balanced Relaxed Fuego Sky Hi Kuni Flavors Heal Active Balanced Relaxed Tyson 2.0 Descargar Cat\u00e1logo Hay un producto ACTIVE BALANCED RELAXED para cualquier necesidad, en cualquier momento del d\u00eda.Cada paciente tiene unas necesidades espec\u00edficas y entendiendo eso, dise\u00f1amos una l\u00ednea que se categoriza por sus nombres sencillos, [&hellip;]<\/p>\n","protected":false},"author":1,"featured_media":0,"parent":148,"menu_order":0,"comment_status":"closed","ping_status":"closed","template":"","meta":{"footnotes":""},"class_list":["post-505","page","type-page","status-publish","hentry"],"_links":{"self":[{"href":"https:\/\/www.nextgen.pr\/en\/wp-json\/wp\/v2\/pages\/505","targetHints":{"allow":["GET"]}}],"collection":[{"href":"https:\/\/www.nextgen.pr\/en\/wp-json\/wp\/v2\/pages"}],"about":[{"href":"https:\/\/www.nextgen.pr\/en\/wp-json\/wp\/v2\/types\/page"}],"author":[{"embeddable":true,"href":"https:\/\/www.nextgen.pr\/en\/wp-json\/wp\/v2\/users\/1"}],"replies":[{"embeddable":true,"href":"https:\/\/www.nextgen.pr\/en\/wp-json\/wp\/v2\/comments?post=505"}],"version-history":[{"count":10,"href":"https:\/\/www.nextgen.pr\/en\/wp-json\/wp\/v2\/pages\/505\/revisions"}],"predecessor-version":[{"id":2911,"href":"https:\/\/www.nextgen.pr\/en\/wp-json\/wp\/v2\/pages\/505\/revisions\/2911"}],"up":[{"embeddable":true,"href":"https:\/\/www.nextgen.pr\/en\/wp-json\/wp\/v2\/pages\/148"}],"wp:attachment":[{"href":"https:\/\/www.nextgen.pr\/en\/wp-json\/wp\/v2\/media?parent=505"}],"curies":[{"name":"wp","href":"https:\/\/api.w.org\/{rel}","templated":true}]}}