{"id":495,"date":"2023-12-26T12:06:47","date_gmt":"2023-12-26T12:06:47","guid":{"rendered":"https:\/\/www.nextgen.pr\/lune\/"},"modified":"2026-02-10T15:36:49","modified_gmt":"2026-02-10T15:36:49","slug":"heal1","status":"publish","type":"page","link":"https:\/\/www.nextgen.pr\/en\/catalogo-de-marcas\/heal1\/","title":{"rendered":"Heal"},"content":{"rendered":"<section class=\"page-title wp-image-493\" style=\"background-image:url(https:\/\/www.nextgen.pr\/wp-content\/uploads\/2023\/12\/BG-HEAL-scaled-1.jpg);\" background=\"https:\/\/www.nextgen.pr\/wp-content\/uploads\/2023\/12\/BG-HEAL-scaled-1.jpg\">\n<div class=\"auto-container\">\n<div class=\"title-outer\">\n<h1 class=\"title\">Heal<\/h1>\n<ul class=\"page-breadcrumb\">\n<li class=\"lune-block\" editable=\"inline\"><a href=\"\/en\/\">Home<\/a><\/li>\n<li class=\"lune-block\" editable=\"inline\"><a href=\"\/en\/catalogo-de-marcas\/\" class=\"\">Brands Catalog<\/a><\/li>\n<li class=\"lune-block\" editable=\"inline\">Heal<\/li>\n<\/ul><\/div>\n<\/p><\/div>\n<\/section>\n<p><!-- end main-content --><\/p>\n<p><!--Start Services Details--><\/p>\n<section class=\"services-details pb-1\">\n<div class=\"container\">\n<div class=\"row\">\n<div class=\"col-lg-3 col-xl-3\">\n<div class=\"service-sidebar lune-block mt-5\">\n\t\t\t\t\t<!--Start Services Details Sidebar Single--><\/p>\n<div class=\"sidebar-widget service-sidebar-single\">\n<div class=\"service-sidebar wow fadeInUp\" data-wow-delay=\"0.1s\" data-wow-duration=\"1200m\">\n<div class=\"service-list\">\n<ul class=\"undefined\">\n<li editable=\"inline\" class=\"lune-block\"><a href=\"\/en\/catalogo-de-marcas\/fuego\/\" class=\"\"><i class=\"fas fa-angle-right\"><\/i><span>Fuego<\/span><\/a>\n\t\t\t\t\t\t\t\t\t<\/li>\n<li class=\"lune-block\" editable=\"inline\"><a href=\"\/en\/skyhi\/\"><i class=\"fas fa-angle-right\"><\/i><span>Sky Hi<\/span><\/a><\/li>\n<li class=\"lune-block\" editable=\"inline\"><a href=\"\/en\/catalogo-de-marcas\/kuni\/\"><i class=\"fas fa-angle-right\"><\/i><span>Kuni<\/span><\/a><\/li>\n<li class=\"lune-block\" editable=\"inline\"><a href=\"\/en\/catalogo-de-marcas\/flavors\/\"><i class=\"fas fa-angle-right\"><\/i><span>Flavors<\/span><\/a>\n\t\t\t\t\t\t\t\t\t<\/li>\n<li class=\"lune-block\" editable=\"inline\"><a href=\"\/en\/catalogo-de-marcas\/heal\/\" class=\"current\"><i class=\"fas fa-angle-right\"><\/i><span>Heal<\/span><\/a>\n\t\t\t\t\t\t\t\t\t<\/li>\n<li editable=\"inline\"><a href=\"\/en\/catalogo-de-marcas\/active-balanced-relaxed\/\"><i class=\"fas fa-angle-right\"><\/i><span>Active Balanced Relaxed<\/span><\/a>\n\t\t\t\t\t\t\t\t\t<\/li>\n<li class=\"lune-block\" editable=\"inline\"><a href=\"\/en\/tyson\/\" class=\"bg-draco-blue\"><i class=\"fas fa-angle-right bg-draco-red\" style=\"background-color:\"><\/i><span>Tyson 2.0<\/span><\/a><\/li>\n<\/ul><\/div>\n<\/p><\/div>\n<\/p><\/div>\n<p>\t\t\t\t\t<!--Start Services Details Sidebar Single--><\/p>\n<div class=\"sidebar-widget service-sidebar-single mt-5\">\n<div class=\"service-sidebar-single-btn wow fadeInUp\" data-wow-delay=\"0.5s\" data-wow-duration=\"1200m\">\n\t\t\t\t\t\t\t<a href=\"https:\/\/www.nextgen.pr\/wp-content\/uploads\/2023\/12\/Catalogo-de-Productos-2023-2024.pdf\" class=\"theme-btn btn-style-one d-grid\"><span class=\"btn-title\"><span class=\"fas fa-file-pdf\"><\/span> Download Catalog<\/span><\/a>\n\t\t\t\t\t\t<\/div>\n<\/p><\/div>\n<p>\t\t\t\t\t<!--End Services Details Sidebar Single-->\n\t\t\t\t<\/div>\n<\/p><\/div>\n<div class=\"col-lg-9 col-xl-9 pt-1 mt-1\">\n<div class=\"about-section-three\" style=\"background-image: url(images\/background\/5.jpg)\">\n<div class=\"auto-container\">\n<div class=\"row\">\n\t\t\t\t\t\t\t<!-- Content Column --><\/p>\n<div class=\"content-column col-lg-6 col-md-12 col-sm-12 order-3\">\n<div class=\"inner-column wow fadeInRight animated animated animated animated animated animated animated animated\" style=\"visibility: visible; animation-name: fadeInRight;\">\n<div class=\"sec-title\" editable=\"rich\">\n<h2 class=\"\" editable=\"inline\">Connect with the full power of nature.<\/p>\n<\/p>\n<\/h2>\n<p class=\"text\" editable=\"inline\" contenteditable=\"true\">At Heal+, we harness innovation to maximize the potential of nature. The result is a product line that maintains the dry effect of CBD alongside THC. <\/p>\n<\/p>\n<\/p>\n<p>Topicals are creams that help treat inflammation in the joints, skin ailments, and muscular pains, including eczema, psoriasis, and arthritis.<\/p>\n<\/p><\/div>\n<ul class=\"feature-list\" editable=\"inline\">\n<\/ul><\/div>\n<\/p><\/div>\n<p>\t\t\t\t\t\t\t<!-- Image Column --><\/p>\n<div class=\"image-column col-lg-6 col-md-12 col-sm-12\">\n<div class=\"image-box\">\n<figure class=\"image-2\" data-wow-delay=\"300ms\"><img loading=\"lazy\" decoding=\"async\" src=\"https:\/\/www.nextgen.pr\/wp-content\/uploads\/2023\/12\/Sin-titulo-1.png\" width=\"608\" height=\"1080\" srcset=\"https:\/\/www.nextgen.pr\/wp-content\/uploads\/2023\/12\/Sin-titulo-1-169x300.png 169w, https:\/\/www.nextgen.pr\/wp-content\/uploads\/2023\/12\/Sin-titulo-1-576x1024.png 576w, https:\/\/www.nextgen.pr\/wp-content\/uploads\/2023\/12\/Sin-titulo-1.png 608w\" sizes=\"auto, (max-width: 608px) 100vw, 608px\" class=\"img-fluid wp-image-473\" style=\"width: 100%!important;\"><br \/>\n\t\t\t\t\t\t\t\t\t<\/figure>\n<\/p><\/div>\n<\/p><\/div>\n<\/p><\/div>\n<\/p><\/div>\n<\/p><\/div>\n<div class=\"container mt-5 pt-5\">\n<div class=\"row\">\n<div class=\"col col-md-6 col-12 col-lg-4\">\n<div class=\"inner-box\">\n<div class=\"image-box\">\n<div class=\"image\"><a href=\"#\"><img loading=\"lazy\" decoding=\"async\" src=\"https:\/\/www.nextgen.pr\/wp-content\/uploads\/2023\/12\/Captura-de-pantalla-2023-12-28-a-las-10.15.37\u202fa.-m.png\" width=\"920\" height=\"920\" srcset=\"https:\/\/www.nextgen.pr\/wp-content\/uploads\/2023\/12\/Captura-de-pantalla-2023-12-28-a-las-10.15.37\u202fa.-m.png 920w, https:\/\/www.nextgen.pr\/wp-content\/uploads\/2023\/12\/Captura-de-pantalla-2023-12-28-a-las-10.15.37\u202fa.-m-300x300.png 300w, https:\/\/www.nextgen.pr\/wp-content\/uploads\/2023\/12\/Captura-de-pantalla-2023-12-28-a-las-10.15.37\u202fa.-m-150x150.png 150w, https:\/\/www.nextgen.pr\/wp-content\/uploads\/2023\/12\/Captura-de-pantalla-2023-12-28-a-las-10.15.37\u202fa.-m-768x768.png 768w\" sizes=\"auto, (max-width: 920px) 100vw, 920px\" class=\"wp-image-573\" style=\"aspect-ratio: 1\/1;object-fit: cover\" alt=\"Heal Freeze\"><\/a><\/div>\n<\/p><\/div>\n<div class=\"content\">\n<h4 class=\"mt-2 m-0 p-0\" editable=\"inline\">Heal Pain Relieving Gel<\/h4>\n<p class=\"\" editable=\"inline\">(300 THC y 150 CBD)<\/p>\n<\/p><\/div>\n<\/p><\/div>\n<\/p><\/div>\n<div class=\"col col-md-6 col-12 col-lg-4\">\n<div class=\"inner-box\">\n<div class=\"image-box\">\n<div class=\"image\"><a href=\"#\"><img loading=\"lazy\" decoding=\"async\" src=\"https:\/\/www.nextgen.pr\/wp-content\/uploads\/2023\/12\/heal-products-37.jpg\" width=\"1052\" height=\"1061\" srcset=\"https:\/\/www.nextgen.pr\/wp-content\/uploads\/2023\/12\/heal-products-37-297x300.jpg 297w, https:\/\/www.nextgen.pr\/wp-content\/uploads\/2023\/12\/heal-products-37-1015x1024.jpg 1015w, https:\/\/www.nextgen.pr\/wp-content\/uploads\/2023\/12\/heal-products-37-768x775.jpg 768w, https:\/\/www.nextgen.pr\/wp-content\/uploads\/2023\/12\/heal-products-37.jpg 1052w\" sizes=\"auto, (max-width: 1052px) 100vw, 1052px\" class=\"wp-image-487\" style=\"aspect-ratio: 1\/1;object-fit: cover\"><\/a><\/div>\n<\/p><\/div>\n<div class=\"content\">\n<h4 class=\"mt-2 m-0 p-0\" editable=\"inline\">Heal+ Vape<\/h4>\n<p class=\"\" editable=\"inline\">(500mg)<\/p>\n<\/p><\/div>\n<\/p><\/div>\n<\/p><\/div>\n<div class=\"col col-md-6 col-12 col-lg-4\">\n<div class=\"inner-box\">\n<div class=\"image-box\">\n<div class=\"image\"><a href=\"#\"><img loading=\"lazy\" decoding=\"async\" src=\"https:\/\/www.nextgen.pr\/wp-content\/uploads\/2023\/12\/heal-products-36.jpg\" width=\"1052\" height=\"1061\" srcset=\"https:\/\/www.nextgen.pr\/wp-content\/uploads\/2023\/12\/heal-products-36-297x300.jpg 297w, https:\/\/www.nextgen.pr\/wp-content\/uploads\/2023\/12\/heal-products-36-1015x1024.jpg 1015w, https:\/\/www.nextgen.pr\/wp-content\/uploads\/2023\/12\/heal-products-36-768x775.jpg 768w, https:\/\/www.nextgen.pr\/wp-content\/uploads\/2023\/12\/heal-products-36.jpg 1052w\" sizes=\"auto, (max-width: 1052px) 100vw, 1052px\" class=\"wp-image-488\" style=\"aspect-ratio: 1\/1;object-fit: cover\"><\/a><\/div>\n<\/p><\/div>\n<div class=\"content\">\n<h4 class=\"mt-2 m-0 p-0\" editable=\"inline\">Heal Healing Lotion<\/h4>\n<p editable=\"inline\" class=\"lh-1\">(60mg THC | 30mg CBD | sin olor)<\/p>\n<\/p><\/div>\n<\/p><\/div>\n<\/p><\/div>\n<div class=\"col col-md-6 col-12 col-lg-4\">\n<div class=\"inner-box\">\n<div class=\"image-box\">\n<div class=\"image\"><a href=\"#\"><img loading=\"lazy\" decoding=\"async\" src=\"https:\/\/www.nextgen.pr\/wp-content\/uploads\/2023\/12\/heal-products-33.jpg\" width=\"1052\" height=\"1061\" srcset=\"https:\/\/www.nextgen.pr\/wp-content\/uploads\/2023\/12\/heal-products-33-297x300.jpg 297w, https:\/\/www.nextgen.pr\/wp-content\/uploads\/2023\/12\/heal-products-33-1015x1024.jpg 1015w, https:\/\/www.nextgen.pr\/wp-content\/uploads\/2023\/12\/heal-products-33-768x775.jpg 768w, https:\/\/www.nextgen.pr\/wp-content\/uploads\/2023\/12\/heal-products-33.jpg 1052w\" sizes=\"auto, (max-width: 1052px) 100vw, 1052px\" class=\"wp-image-489\" style=\"aspect-ratio: 1\/1;object-fit: cover\"><\/a><\/div>\n<\/p><\/div>\n<div class=\"content\">\n<h4 class=\"mt-2 m-0 p-0\" editable=\"inline\">Heal + Tincture<\/h4>\n<p editable=\"inline\" class=\"lh-1\">(Heal 1:1 350mg)<\/p>\n<\/p>\n<\/p><\/div>\n<\/p><\/div>\n<\/p><\/div>\n<div class=\"col col-md-6 col-12 col-lg-4\">\n<div class=\"inner-box\">\n<div class=\"image-box\">\n<div class=\"image\"><a href=\"#\"><img loading=\"lazy\" decoding=\"async\" src=\"https:\/\/www.nextgen.pr\/wp-content\/uploads\/2023\/12\/heal-products-35.jpg\" width=\"1052\" height=\"1061\" srcset=\"https:\/\/www.nextgen.pr\/wp-content\/uploads\/2023\/12\/heal-products-35-297x300.jpg 297w, https:\/\/www.nextgen.pr\/wp-content\/uploads\/2023\/12\/heal-products-35-1015x1024.jpg 1015w, https:\/\/www.nextgen.pr\/wp-content\/uploads\/2023\/12\/heal-products-35-768x775.jpg 768w, https:\/\/www.nextgen.pr\/wp-content\/uploads\/2023\/12\/heal-products-35.jpg 1052w\" sizes=\"auto, (max-width: 1052px) 100vw, 1052px\" class=\"wp-image-491\" style=\"aspect-ratio: 1\/1;object-fit: cover\"><\/a><\/div>\n<\/p><\/div>\n<div class=\"content\">\n<h4 class=\"mt-2 m-0 p-0\" editable=\"inline\">Heal + GenCaps<\/h4>\n<p editable=\"inline\" class=\"lh-1\">(Heal 3:1)<\/p>\n<\/p>\n<\/p><\/div>\n<\/p><\/div>\n<\/p><\/div>\n<div class=\"col col-md-6 col-12 col-lg-4\">\n<div class=\"inner-box\">\n<div class=\"image-box\">\n<div class=\"image\"><a href=\"#\"><img loading=\"lazy\" decoding=\"async\" src=\"https:\/\/www.nextgen.pr\/wp-content\/uploads\/2023\/12\/heal-products-38.jpg\" width=\"1052\" height=\"1061\" srcset=\"https:\/\/www.nextgen.pr\/wp-content\/uploads\/2023\/12\/heal-products-38-297x300.jpg 297w, https:\/\/www.nextgen.pr\/wp-content\/uploads\/2023\/12\/heal-products-38-1015x1024.jpg 1015w, https:\/\/www.nextgen.pr\/wp-content\/uploads\/2023\/12\/heal-products-38-768x775.jpg 768w, https:\/\/www.nextgen.pr\/wp-content\/uploads\/2023\/12\/heal-products-38.jpg 1052w\" sizes=\"auto, (max-width: 1052px) 100vw, 1052px\" class=\"wp-image-492\" style=\"aspect-ratio: 1\/1;object-fit: cover\"><\/a><\/div>\n<\/p><\/div>\n<div class=\"content\">\n<h4 class=\"mt-2 m-0 p-0\" editable=\"inline\">Heal CBD Pain GenCaps<\/h4>\n<p editable=\"inline\" class=\"lh-1\">(500mg CBD) <br \/>C\u00daRCUMA | MELATONINA<\/p>\n<\/p>\n<\/p><\/div>\n<\/p><\/div>\n<\/p><\/div>\n<\/p><\/div>\n<\/p><\/div>\n<\/p><\/div>\n<\/p><\/div>\n<\/p><\/div>\n<\/section>\n<p><!--End Main Footer --><\/p>","protected":false},"excerpt":{"rendered":"<p>Heal Home Cat\u00e1logo de Marcas Heal Fuego Sky Hi Kuni Flavors Heal Active Balanced Relaxed Tyson 2.0 Descargar Cat\u00e1logo Con\u00e9ctate con todo el poder de la naturaleza. En Heal+ utilizamos la innovaci\u00f3n para sacarle el m\u00e1ximo a la naturaleza. El resultado es una l\u00ednea de productos que mantiene el efecto sequito del cbd junto al [&hellip;]<\/p>\n","protected":false},"author":1,"featured_media":0,"parent":148,"menu_order":0,"comment_status":"closed","ping_status":"closed","template":"","meta":{"footnotes":""},"class_list":["post-495","page","type-page","status-publish","hentry"],"_links":{"self":[{"href":"https:\/\/www.nextgen.pr\/en\/wp-json\/wp\/v2\/pages\/495","targetHints":{"allow":["GET"]}}],"collection":[{"href":"https:\/\/www.nextgen.pr\/en\/wp-json\/wp\/v2\/pages"}],"about":[{"href":"https:\/\/www.nextgen.pr\/en\/wp-json\/wp\/v2\/types\/page"}],"author":[{"embeddable":true,"href":"https:\/\/www.nextgen.pr\/en\/wp-json\/wp\/v2\/users\/1"}],"replies":[{"embeddable":true,"href":"https:\/\/www.nextgen.pr\/en\/wp-json\/wp\/v2\/comments?post=495"}],"version-history":[{"count":7,"href":"https:\/\/www.nextgen.pr\/en\/wp-json\/wp\/v2\/pages\/495\/revisions"}],"predecessor-version":[{"id":3492,"href":"https:\/\/www.nextgen.pr\/en\/wp-json\/wp\/v2\/pages\/495\/revisions\/3492"}],"up":[{"embeddable":true,"href":"https:\/\/www.nextgen.pr\/en\/wp-json\/wp\/v2\/pages\/148"}],"wp:attachment":[{"href":"https:\/\/www.nextgen.pr\/en\/wp-json\/wp\/v2\/media?parent=495"}],"curies":[{"name":"wp","href":"https:\/\/api.w.org\/{rel}","templated":true}]}}