{"id":392,"date":"2023-12-20T18:24:35","date_gmt":"2023-12-20T18:24:35","guid":{"rendered":"https:\/\/www.nextgen.pr\/actived-balanced-relaxed\/"},"modified":"2023-12-20T19:08:04","modified_gmt":"2023-12-20T19:08:04","slug":"actived-balanced-relaxed","status":"publish","type":"page","link":"https:\/\/www.nextgen.pr\/en\/vaporizadores\/actived-balanced-relaxed\/","title":{"rendered":"Actived balanced relaxed"},"content":{"rendered":"<section class=\"page-title wp-image-362\" style=\"background-image:url(https:\/\/www.nextgen.pr\/wp-content\/uploads\/2023\/12\/draco-rosabg.png);\" background=\"https:\/\/www.nextgen.pr\/wp-content\/uploads\/2023\/12\/draco-rosabg.png\">\n<div class=\"auto-container\">\n<div class=\"title-outer\">\n<h1 class=\"sr-only\">Sky Hi<\/h1>\n<h2 class=\"title\">Active, Balanced y Relaxed<\/h2>\n<ul class=\"page-breadcrumb\">\n<li class=\"lune-block\" editable=\"inline\"><a href=\"\/en\/index.html\/\">Home<\/a><\/li>\n<li class=\"lune-block\" editable=\"inline\"><a href=\"\/en\/formas-de-consumo\/\" class=\"\">Vaporizadores<\/a><\/li>\n<li editable=\"inline\" contenteditable=\"true\" class=\"lune-block\">Heal<\/li>\n<\/ul><\/div>\n<\/p><\/div>\n<\/section>\n<p><!-- end main-content --><\/p>\n<p><!--Start Services Details--><\/p>\n<section class=\"services-details pb-1 pt-1\">\n<div class=\"container\">\n<div class=\"row\">\n<div class=\"col-lg-3 col-xl-3\">\n<div class=\"service-sidebar\">\n\t\t\t\t\t<!--Start Services Details Sidebar Single--><\/p>\n<div class=\"sidebar-widget service-sidebar-single\">\n<div class=\"service-sidebar wow fadeInUp\" data-wow-delay=\"0.1s\" data-wow-duration=\"1200m\">\n<div class=\"service-list\">\n<ul class=\"undefined\">\n<li editable=\"inline\" class=\"lune-block\"><a href=\"\/en\/vaporizadores\/sky-hi\/\" class=\"bg-draco-blue\"><i class=\"fas fa-angle-right bg-draco-red\" style=\"background-color:\"><\/i><span>Sky-hi<\/span><\/a><\/li>\n<li class=\"lune-block\" editable=\"inline\"><a href=\"\/en\/vaporizadores\/flavors\/\" class=\"\"><i class=\"fas fa-angle-right\"><\/i><span>Flavors<\/span><\/a>\n\t\t\t\t\t\t\t\t\t<\/li>\n<li editable=\"inline\" class=\"lune-block\"><a href=\"\/en\/vaporizadores\/draco-rosa\/\"><i class=\"fas fa-angle-right\"><\/i><span>Draco Rosa<\/span><\/a>\n\t\t\t\t\t\t\t\t\t<\/li>\n<li class=\"lune-block\" editable=\"inline\"><a href=\"\/en\/vaporizadores\/heal\/\"><i class=\"fas fa-angle-right\"><\/i><span>Heal<\/span><\/a>\n\t\t\t\t\t\t\t\t\t<\/li>\n<li editable=\"inline\" class=\"lune-block\"><a href=\"\/en\/vaporizadores\/actived-balanced-relaxed\/\" class=\"current\"><i class=\"fas fa-angle-right\"><\/i><span>Active Balanced Relaxed<\/span><\/a>\n\t\t\t\t\t\t\t\t\t<\/li>\n<\/ul><\/div>\n<\/p><\/div>\n<\/p><\/div>\n<\/p><\/div>\n<\/p><\/div>\n<div class=\"col-lg-9 col-xl-9 pt-1 mt-1\">\n<div class=\"about-section-three\" style=\"background-image: url(images\/background\/5.jpg)\">\n<div class=\"auto-container\">\n<div class=\"row\">\n\t\t\t\t\t\t\t<!-- Content Column --><\/p>\n<div class=\"content-column col-lg-6 col-md-12 col-sm-12 order-3 align-self-center\">\n<div class=\"inner-column wow fadeInRight animated animated animated animated animated animated animated animated animated\" style=\"visibility: visible; animation-name: fadeInRight;\">\n<div class=\"sec-title\" editable=\"rich\">\n<h3 class=\"\" editable=\"inline\">ACTIVE, BALANCED Y RELAXED<\/h3>\n<p class=\"text\" editable=\"inline\" contenteditable=\"true\">Los productos de la l\u00ednea ACTIVE, BALANCED y RELAXED son para cualquier necesidad, en cualquier momento del d\u00eda.&nbsp;<\/p>\n<\/p>\n<\/p>\n<\/p>\n<p class=\"text\" editable=\"inline\">Entendiendo que cada paciente tiene necesidades espec\u00edficas, fue dise\u00f1ada la l\u00ednea que se categoriza pro sus nombres sencillos, que describen f\u00e1cilmente su funci\u00f3n, permiti\u00e9ndole al paciente unas alternativas \u201cFull Spectrum\u201d dentro de una misma marca activa, balanceada y relajada.<\/p>\n<\/p>\n<\/p><\/div>\n<p>\t\t\t\t\t\t\t\t\t<a href=\"https:\/\/weedmaps.com\/brands\/flavors\/products?isNearby=true\" class=\"theme-btn btn-style-one d-none\">WEEDMAPS \u2013 FLAVORS<\/a>\n\t\t\t\t\t\t\t\t<\/div>\n<\/p><\/div>\n<p>\t\t\t\t\t\t\t<!-- Image Column --><\/p>\n<div class=\"image-column col-lg-6 col-md-12 col-sm-12\">\n<div class=\"image-box\">\n<figure class=\"image-2\" data-wow-delay=\"300ms\"><img fetchpriority=\"high\" decoding=\"async\" src=\"https:\/\/www.nextgen.pr\/wp-content\/uploads\/2023\/12\/abr-1.png\" height=\"765\" srcset=\"https:\/\/www.nextgen.pr\/wp-content\/uploads\/2023\/12\/abr-1-300x287.png 300w, https:\/\/www.nextgen.pr\/wp-content\/uploads\/2023\/12\/abr-1-768x734.png 768w, https:\/\/www.nextgen.pr\/wp-content\/uploads\/2023\/12\/abr-1.png 800w\" sizes=\"(max-width: 800px) 100vw, 800px\" class=\"wp-image-394\" width=\"800\" style=\"width: 100%\"><br \/>\n\t\t\t\t\t\t\t\t\t<\/figure>\n<\/p><\/div>\n<\/p><\/div>\n<\/p><\/div>\n<\/p><\/div>\n<\/p><\/div>\n<\/p><\/div>\n<\/p><\/div>\n<\/p><\/div>\n<\/section>\n<p><!--End Main Footer --><\/p>\n<section>\n<div class=\"container pt-1 pb-5\">\n<div class=\"row\">\n<div class=\"col col-md-6\">\n<div class=\"lune-block align-self-center text-center\"><a href=\"\/en\/formas-de-consumo\/\" class=\"theme-btn btn-style-one\">Ver todas las formas de consumo<\/a><\/div>\n<\/p><\/div>\n<div class=\"col col-md-6\">\n<div class=\"lune-block text-center\"><a href=\"\/en\/\" class=\"theme-btn btn-style-one\">Volver al inicio<br \/>\n\t\t\t\t\t<\/a><\/div>\n<\/p><\/div>\n<\/p><\/div>\n<\/p><\/div>\n<\/section>","protected":false},"excerpt":{"rendered":"<p>Sky Hi Active, Balanced y Relaxed Home Vaporizadores Heal Sky-hi Flavors Draco Rosa Heal Active Balanced Relaxed ACTIVE, BALANCED Y RELAXED Los productos de la l\u00ednea ACTIVE, BALANCED y RELAXED son para cualquier necesidad, en cualquier momento del d\u00eda.&nbsp; Entendiendo que cada paciente tiene necesidades espec\u00edficas, fue dise\u00f1ada la l\u00ednea que se categoriza pro sus [&hellip;]<\/p>\n","protected":false},"author":1,"featured_media":0,"parent":397,"menu_order":0,"comment_status":"closed","ping_status":"closed","template":"","meta":{"footnotes":""},"class_list":["post-392","page","type-page","status-publish","hentry"],"_links":{"self":[{"href":"https:\/\/www.nextgen.pr\/en\/wp-json\/wp\/v2\/pages\/392","targetHints":{"allow":["GET"]}}],"collection":[{"href":"https:\/\/www.nextgen.pr\/en\/wp-json\/wp\/v2\/pages"}],"about":[{"href":"https:\/\/www.nextgen.pr\/en\/wp-json\/wp\/v2\/types\/page"}],"author":[{"embeddable":true,"href":"https:\/\/www.nextgen.pr\/en\/wp-json\/wp\/v2\/users\/1"}],"replies":[{"embeddable":true,"href":"https:\/\/www.nextgen.pr\/en\/wp-json\/wp\/v2\/comments?post=392"}],"version-history":[{"count":3,"href":"https:\/\/www.nextgen.pr\/en\/wp-json\/wp\/v2\/pages\/392\/revisions"}],"predecessor-version":[{"id":419,"href":"https:\/\/www.nextgen.pr\/en\/wp-json\/wp\/v2\/pages\/392\/revisions\/419"}],"up":[{"embeddable":true,"href":"https:\/\/www.nextgen.pr\/en\/wp-json\/wp\/v2\/pages\/397"}],"wp:attachment":[{"href":"https:\/\/www.nextgen.pr\/en\/wp-json\/wp\/v2\/media?parent=392"}],"curies":[{"name":"wp","href":"https:\/\/api.w.org\/{rel}","templated":true}]}}