{"id":155,"date":"2023-11-20T13:45:01","date_gmt":"2023-11-20T13:45:01","guid":{"rendered":"https:\/\/www.nextgen.pr\/lune\/"},"modified":"2023-12-28T14:24:22","modified_gmt":"2023-12-28T14:24:22","slug":"draco-rosa","status":"publish","type":"page","link":"https:\/\/www.nextgen.pr\/en\/catalogo-de-marcas\/draco-rosa\/","title":{"rendered":"Draco Rosa"},"content":{"rendered":"<section class=\"page-title wp-image-158\" style=\"background-image:url(\/wp-content\/uploads\/2023\/11\/Captura-de-pantalla-2023-11-20-a-las-10.12.00\u202fa.-m.png);\" background=\"\/wp-content\/uploads\/2023\/11\/Captura-de-pantalla-2023-11-20-a-las-10.12.00.a.-m.png\">\n<div class=\"auto-container\">\n<div class=\"title-outer\">\n<h1 class=\"title\">Draco Rosa<\/h1>\n<ul class=\"page-breadcrumb\">\n<li class=\"lune-block\" editable=\"inline\"><a href=\"\/en\/\" class=\"\">Home<\/a><\/li>\n<li class=\"lune-block\" editable=\"inline\"><a href=\"\/en\/catalogo-de-marcas\/\" class=\"\">Brands Catalog<\/a><\/li>\n<li class=\"lune-block\" editable=\"inline\">Draco Rosa<\/li>\n<\/ul><\/div>\n<\/p><\/div>\n<\/section>\n<p><!-- end main-content --><\/p>\n<p><!--Start Services Details--><\/p>\n<section class=\"services-details pb-1\">\n<div class=\"container\">\n<div class=\"row\">\n<div class=\"col-lg-3 col-xl-3\">\n<div class=\"service-sidebar lune-block mt-5\">\n\t\t\t\t\t<!--Start Services Details Sidebar Single--><\/p>\n<div class=\"sidebar-widget service-sidebar-single\">\n<div class=\"service-sidebar wow fadeInUp\" data-wow-delay=\"0.1s\" data-wow-duration=\"1200m\">\n<div class=\"service-list\">\n<ul class=\"undefined\">\n<li editable=\"inline\" class=\"lune-block\"><a href=\"\/en\/catalogo-de-marcas\/fuego\/\" class=\"\"><i class=\"fas fa-angle-right\"><\/i><span>Fuego<\/span><\/a>\n\t\t\t\t\t\t\t\t\t<\/li>\n<li class=\"lune-block\" editable=\"inline\"><a href=\"\/en\/catalogo-de-marcas\/sky-hi\/\"><i class=\"fas fa-angle-right\"><\/i><span>Sky Hi<\/span><\/a>\n\t\t\t\t\t\t\t\t\t<\/li>\n<li class=\"lune-block\" editable=\"inline\"><a href=\"\/en\/catalogo-de-marcas\/kuni\/\"><i class=\"fas fa-angle-right\"><\/i><span>Kuni<\/span><\/a><\/li>\n<li class=\"lune-block\" editable=\"inline\"><a href=\"\/en\/catalogo-de-marcas\/flavors\/\"><i class=\"fas fa-angle-right\"><\/i><span>Flavors<\/span><\/a>\n\t\t\t\t\t\t\t\t\t<\/li>\n<li class=\"lune-block\" editable=\"inline\"><a href=\"\/en\/catalogo-de-marcas\/heal\/\"><i class=\"fas fa-angle-right\"><\/i><span>Heal<\/span><\/a>\n\t\t\t\t\t\t\t\t\t<\/li>\n<li class=\"lune-block\" editable=\"inline\"><a href=\"\/en\/catalogo-de-marcas\/active-balanced-relaxed\/\"><i class=\"fas fa-angle-right\"><\/i><span>Active Balanced Relaxed<\/span><\/a>\n\t\t\t\t\t\t\t\t\t<\/li>\n<li class=\"lune-block\" editable=\"inline\"><a href=\"\/en\/catalogo-de-marcas\/draco-rosa\/\" class=\"bg-draco-blue current\"><i class=\"fas fa-angle-right bg-draco-red\" style=\"background-color:\"><\/i><span>Draco Rosa<\/span><\/a><\/li>\n<\/ul><\/div>\n<\/p><\/div>\n<\/p><\/div>\n<p>\t\t\t\t\t<!--Start Services Details Sidebar Single--><\/p>\n<div class=\"sidebar-widget service-sidebar-single mt-5\">\n<div class=\"service-sidebar-single-btn wow fadeInUp\" data-wow-delay=\"0.5s\" data-wow-duration=\"1200m\">\n\t\t\t\t\t\t\t<a href=\"https:\/\/www.nextgen.pr\/wp-content\/uploads\/2023\/12\/Catalogo-de-Productos-2023-2024.pdf\" class=\"theme-btn btn-style-one d-grid\"><span class=\"btn-title\"><span class=\"fas fa-file-pdf\"><\/span> Download Catalog<\/span><\/a>\n\t\t\t\t\t\t<\/div>\n<\/p><\/div>\n<p>\t\t\t\t\t<!--End Services Details Sidebar Single-->\n\t\t\t\t<\/div>\n<\/p><\/div>\n<div class=\"col-lg-9 col-xl-9 pt-1 mt-1\">\n<div class=\"about-section-three\" style=\"background-image: url(images\/background\/5.jpg)\">\n<div class=\"auto-container\">\n<div class=\"row\">\n\t\t\t\t\t\t\t<!-- Content Column --><\/p>\n<div class=\"content-column col-lg-6 col-md-12 col-sm-12 order-3\">\n<div class=\"inner-column wow fadeInRight animated animated animated\" style=\"visibility: visible; animation-name: fadeInRight;\">\n<div class=\"sec-title\" editable=\"rich\">\n<h2 class=\"\" editable=\"inline\">Celebrate Life&nbsp;<\/p>\n<\/p>\n<\/h2>\n<p class=\"text\" editable=\"inline\">As part of Draco Rosa Holistic, the Monte Sagrado line has the ideal balance of cannabinoids and terpene profile that allows patients to manage pain. Due to its high CBD content, patients will experience a relaxing effect while finding a good balance between the mind and body.<\/p>\n<\/p><\/div>\n<ul class=\"feature-list\" editable=\"inline\">\n<li class=\"lune-block inner\" editable=\"inline\">\n<div class=\"inner\">\n<h5 class=\"name\" editable=\"inline\">Monte Sagrado Vape Oil<\/h5>\n<p>\t\t\t\t\t\t\t\t\t\t\t\t<span class=\"designation\">(500mg | 70% THC\/ 10% CBD)<\/span>\n\t\t\t\t\t\t\t\t\t\t\t<\/div>\n<\/li>\n<li class=\"lune-block\" editable=\"inline\">\n<div class=\"inner\">\n<h5 class=\"name\" editable=\"inline\">Monte Sagrado Tincture 15ml\/30ml<\/h5>\n<p>\t\t\t\t\t\t\t\t\t\t\t\t<span class=\"designation\">(800mg CBD\/ 200mg THC)<\/span>\n\t\t\t\t\t\t\t\t\t\t\t<\/div>\n<\/li>\n<\/ul><\/div>\n<\/p><\/div>\n<p>\t\t\t\t\t\t\t<!-- Image Column --><\/p>\n<div class=\"image-column col-lg-6 col-md-12 col-sm-12\">\n<div class=\"image-box\">\n<figure class=\"image-1\" data-wow-delay=\"300ms\"><img fetchpriority=\"high\" decoding=\"async\" src=\"\/wp-content\/uploads\/2023\/11\/1-34.png\" width=\"250\" height=\"700\" srcset=\"\/wp-content\/uploads\/2023\/11\/1-34.png 250w, \/wp-content\/uploads\/2023\/11\/1-34-107x300.png 107w\" sizes=\"(max-width: 250px) 100vw, 250px\" class=\"wp-image-162\"><br \/>\n\t\t\t\t\t\t\t\t\t<\/figure>\n<figure class=\"image-2\" data-wow-delay=\"300ms\"><img decoding=\"async\" src=\"\/wp-content\/uploads\/2023\/11\/1-35.png\" width=\"563\" height=\"871\" srcset=\"\/wp-content\/uploads\/2023\/11\/1-35.png 563w, \/wp-content\/uploads\/2023\/11\/1-35-194x300.png 194w\" sizes=\"(max-width: 563px) 100vw, 563px\" class=\"wp-image-161\"><br \/>\n\t\t\t\t\t\t\t\t\t<\/figure>\n<\/p><\/div>\n<\/p><\/div>\n<\/p><\/div>\n<p class=\"text-center fs-3 lh-1 m-0 p-0 text-italic\">\u201cEsta alternativa natural me ayuda a sobrellevar otras condiciones y tener una mejor calidad de vida.\u201d<\/p>\n<p class=\"text-center fs-3 lh-2\">Draco Rosa<\/p>\n<\/p><\/div>\n<\/p><\/div>\n<div class=\"why-choose-us\">\n<div class=\"large-container\">\n<div class=\"outer-box wp-image-167\" style=\"background-image:url(\/wp-content\/uploads\/2023\/11\/mad-love-scaled.jpg)\" background=\"\/wp-content\/uploads\/2023\/11\/mad-love-scaled.jpg\">\n<div class=\"auto-container\">\n<div class=\"row\">\n\t\t\t\t\t\t\t\t\t<!-- Image Column --><\/p>\n<div class=\"image-column col-xl-4 col-lg-4 col-md-12 col-sm-12 order-1\">\n<div class=\"inner-column\">\n<figure class=\"image\"><img decoding=\"async\" src=\"\/wp-content\/uploads\/2023\/11\/amantes.png\" width=\"754\" height=\"1028\" srcset=\"\/wp-content\/uploads\/2023\/11\/amantes.png 754w, \/wp-content\/uploads\/2023\/11\/amantes-220x300.png 220w, \/wp-content\/uploads\/2023\/11\/amantes-751x1024.png 751w\" sizes=\"(max-width: 754px) 100vw, 754px\" class=\"wp-image-166\"><\/figure>\n<\/p><\/div>\n<\/p><\/div>\n<p>\t\t\t\t\t\t\t\t\t<!-- Features Column --><\/p>\n<div class=\"feature-column left-column col-xl-4 col-lg-4 col-md-6 col-sm-12\">\n<div class=\"inner-column\">\n\t\t\t\t\t\t\t\t\t\t\t<!-- Feature Block --><\/p>\n<div class=\"feature-block-two\">\n<div class=\"inner-box m-0 p-0\">\n<h4 class=\"\" editable=\"inline\">Mad Love Sensual Oil<\/h4>\n<p editable=\"inline\" class=\"\">(10ml | 150mgTHC)<\/p>\n<\/p><\/div>\n<\/p><\/div>\n<p>\t\t\t\t\t\t\t\t\t\t\t<!-- Feature Block Two --><\/p>\n<div class=\"feature-block-two\">\n<div class=\"inner-box m-0 p-0\">\n<h4 class=\"\" editable=\"inline\">Mad Love CO2 Vape<\/h4>\n<p editable=\"inline\" class=\"\">(500mg)<\/p>\n<\/p><\/div>\n<\/p><\/div>\n<\/p><\/div>\n<\/p><\/div>\n<p>\t\t\t\t\t\t\t\t\t<!-- Features Column --><\/p>\n<div class=\"feature-column right-column col-xl-4 col-lg-4 col-md-6 col-sm-12 order-2\">\n<div class=\"inner-column\">\n\t\t\t\t\t\t\t\t\t\t\t<!-- Feature Block --><\/p>\n<div class=\"feature-block-two\">\n<div class=\"inner-box px-5\">\n<h4 class=\"\" editable=\"inline\">Mad Love Massage Oil<\/h4>\n<p editable=\"inline\" class=\"\">(30mg THC | 30mg CBD)<\/p>\n<\/p><\/div>\n<\/p><\/div>\n<p>\t\t\t\t\t\t\t\t\t\t\t<!-- Feature Block Two --><\/p>\n<div class=\"feature-block-two\">\n<div class=\"inner-box px-5\">\n<h4 editable=\"inline\" class=\"\">Mad Love Choco Bites<\/h4>\n<p class=\"\">(15mg THC | 10mg CBD)<\/p>\n<\/p><\/div>\n<\/p><\/div>\n<\/p><\/div>\n<\/p><\/div>\n<\/p><\/div>\n<\/p><\/div>\n<\/p><\/div>\n<\/p><\/div>\n<\/p><\/div>\n<\/p><\/div>\n<\/p><\/div>\n<\/p><\/div>\n<\/section>\n<p><!--End Main Footer --><\/p>","protected":false},"excerpt":{"rendered":"<p>Draco Rosa Home Cat\u00e1logo de Marcas Draco Rosa Fuego Sky Hi Kuni Flavors Heal Active Balanced Relaxed Draco Rosa Descargar Cat\u00e1logo Celebra la Vida&nbsp; Como parte de Draco Rosa Holistic, la l\u00ednea Monte Sagrado tiene el balance ideal de cannabinoides y carga de terpenos que permiten al paciente controlar el dolor. Debido a su alta [&hellip;]<\/p>\n","protected":false},"author":1,"featured_media":0,"parent":148,"menu_order":0,"comment_status":"closed","ping_status":"closed","template":"","meta":{"footnotes":""},"class_list":["post-155","page","type-page","status-publish","hentry"],"_links":{"self":[{"href":"https:\/\/www.nextgen.pr\/en\/wp-json\/wp\/v2\/pages\/155","targetHints":{"allow":["GET"]}}],"collection":[{"href":"https:\/\/www.nextgen.pr\/en\/wp-json\/wp\/v2\/pages"}],"about":[{"href":"https:\/\/www.nextgen.pr\/en\/wp-json\/wp\/v2\/types\/page"}],"author":[{"embeddable":true,"href":"https:\/\/www.nextgen.pr\/en\/wp-json\/wp\/v2\/users\/1"}],"replies":[{"embeddable":true,"href":"https:\/\/www.nextgen.pr\/en\/wp-json\/wp\/v2\/comments?post=155"}],"version-history":[{"count":10,"href":"https:\/\/www.nextgen.pr\/en\/wp-json\/wp\/v2\/pages\/155\/revisions"}],"predecessor-version":[{"id":572,"href":"https:\/\/www.nextgen.pr\/en\/wp-json\/wp\/v2\/pages\/155\/revisions\/572"}],"up":[{"embeddable":true,"href":"https:\/\/www.nextgen.pr\/en\/wp-json\/wp\/v2\/pages\/148"}],"wp:attachment":[{"href":"https:\/\/www.nextgen.pr\/en\/wp-json\/wp\/v2\/media?parent=155"}],"curies":[{"name":"wp","href":"https:\/\/api.w.org\/{rel}","templated":true}]}}