{"id":148,"date":"2023-11-20T13:03:31","date_gmt":"2023-11-20T13:03:31","guid":{"rendered":"https:\/\/www.nextgen.pr\/lune\/"},"modified":"2024-11-12T15:59:22","modified_gmt":"2024-11-12T15:59:22","slug":"catalogo-de-marcas","status":"publish","type":"page","link":"https:\/\/www.nextgen.pr\/en\/catalogo-de-marcas\/","title":{"rendered":"Brands Catalog"},"content":{"rendered":"<p><!-- Main Header--><\/p>\n<p><!--End Main Header --><\/p>\n<p><!-- Start main-content --><\/p>\n<section class=\"page-title\" style=\"background-image: url(\/wp-content\/themes\/nix\/html\/theme\/images\/background\/6.jpg);\">\n<div class=\"auto-container\">\n<div class=\"title-outer\">\n<h1 class=\"title\">Brands Catalog<\/h1>\n<ul class=\"page-breadcrumb\">\n<li class=\"lune-block\" editable=\"inline\"><a href=\"\/en\/\" class=\"\">Home<\/a><\/li>\n<li class=\"lune-block\" editable=\"inline\"><a href=\"\/en\/catalogo-de-marcas\/\" class=\"\">Brands Catalog<\/a><\/li>\n<\/ul><\/div>\n<\/p><\/div>\n<\/section>\n<p><!-- end main-content --><\/p>\n<p><!-- Services Section --><\/p>\n<section class=\"\">\n<div class=\"container\">\n<div class=\"row\">\n\t\t\t<!-- Service block --><\/p>\n<div class=\"service-block col-lg-4 col-md-6 col-sm-12 mb-30\">\n\t\t\t\t<a href=\"\/en\/catalogo-de-marcas\/fuego\/\" class=\"\"><\/p>\n<div class=\"service-block lune-block\">\n<div class=\"inner-box\">\n<figure class=\"image\"><img loading=\"lazy\" decoding=\"async\" src=\"https:\/\/www.nextgen.pr\/wp-content\/uploads\/2023\/11\/logos-06.jpg\" width=\"444\" height=\"562\" srcset=\"https:\/\/www.nextgen.pr\/wp-content\/uploads\/2023\/11\/logos-06-237x300.jpg 237w, https:\/\/www.nextgen.pr\/wp-content\/uploads\/2023\/11\/logos-06.jpg 444w\" sizes=\"auto, (max-width: 444px) 100vw, 444px\" class=\"wp-image-23\"><\/figure>\n<div class=\"content\">\n<h4>FUEGO<\/h4>\n<div class=\"icon d-none  flaticon-cannabis-tincture\"><\/div>\n<\/p><\/div>\n<div class=\"overlay-content\">\n<div class=\"icon d-none  flaticon-cannabis-tincture\"><\/div>\n<h4 class=\"undefined\">FUEGO<\/h4>\n<div class=\"text\">Grown with the latest innovations, the high potency Fuego &amp; Fuego Reserve flowers are grown with the most rigid precision<\/div>\n<\/p><\/div>\n<\/p><\/div>\n<\/p><\/div>\n<p>\t\t\t\t<\/a>\n\t\t\t<\/div>\n<p>\t\t\t<!-- Service block --><\/p>\n<div class=\"service-block col-lg-4 col-md-6 col-sm-12\">\n\t\t\t\t<a href=\"\/en\/skyhi\/\" class=\"\"><\/p>\n<div class=\"service-block lune-block\">\n<div class=\"inner-box\">\n<figure class=\"image\"><img loading=\"lazy\" decoding=\"async\" src=\"https:\/\/www.nextgen.pr\/wp-content\/uploads\/2023\/11\/logos-05.jpg\" width=\"444\" height=\"562\" srcset=\"https:\/\/www.nextgen.pr\/wp-content\/uploads\/2023\/11\/logos-05-237x300.jpg 237w, https:\/\/www.nextgen.pr\/wp-content\/uploads\/2023\/11\/logos-05.jpg 444w\" sizes=\"auto, (max-width: 444px) 100vw, 444px\" class=\"wp-image-50\"><\/figure>\n<div class=\"content\">\n<h4>SKYHI<\/h4>\n<div class=\"icon d-none  flaticon-cannabis-medicine1\"><\/div>\n<\/p><\/div>\n<div class=\"overlay-content\">\n<div class=\"icon d-none  flaticon-cannabis-medicine1\"><\/div>\n<h4 class=\"undefined\">SKYHI<\/h4>\n<div class=\"text\">SkyHi is a distilled product with a high percentage of THC and terpenes extracted from the same strain (strain-specific), featuring special characteristics that make it a unique product in the medical cannabis industry in Puerto Rico.<\/div>\n<\/p><\/div>\n<\/p><\/div>\n<\/p><\/div>\n<p>\t\t\t\t<\/a>\n\t\t\t<\/div>\n<p>\t\t\t<!-- Service block --><\/p>\n<p>\t\t\t<!-- Service block --><\/p>\n<div class=\"service-block col-lg-4 col-md-6 col-sm-12 mb-sm-30\">\n\t\t\t\t<a href=\"\/en\/catalogo-de-marcas\/kuni\/\" class=\"\"><\/p>\n<div class=\"service-block lune-block\">\n<div class=\"inner-box\">\n<figure class=\"image\"><img loading=\"lazy\" decoding=\"async\" src=\"https:\/\/www.nextgen.pr\/wp-content\/uploads\/2023\/11\/logos-04.jpg\" width=\"444\" height=\"562\" srcset=\"https:\/\/www.nextgen.pr\/wp-content\/uploads\/2023\/11\/logos-04-237x300.jpg 237w, https:\/\/www.nextgen.pr\/wp-content\/uploads\/2023\/11\/logos-04.jpg 444w\" sizes=\"auto, (max-width: 444px) 100vw, 444px\" class=\"wp-image-49\"><\/figure>\n<div class=\"content\">\n<h4>KUNI<\/h4>\n<div class=\"icon d-none  flaticon-cannabis-tincture\"><\/div>\n<\/p><\/div>\n<div class=\"overlay-content\">\n<div class=\"icon d-none  flaticon-cannabis-tincture\"><\/div>\n<h4 class=\"undefined\">KUNI<\/h4>\n<div class=\"text\">KUNI edibles are characterized by their variety of flavors, potential effects and diversity of sativa, indica and hybrid strains\n\t\t\t\t\t\t\t\t<\/div>\n<\/p><\/div>\n<\/p><\/div>\n<\/p><\/div>\n<p>\t\t\t\t<\/a>\n\t\t\t<\/div>\n<p>\t\t\t<!-- Service block --><\/p>\n<div class=\"service-block col-lg-4 col-md-6 col-sm-12\">\n\t\t\t\t<a href=\"\/en\/catalogo-de-marcas\/flavors\/\" class=\"\"><\/p>\n<div class=\"service-block lune-block\">\n<div class=\"inner-box\">\n<figure class=\"image\"><img loading=\"lazy\" decoding=\"async\" src=\"https:\/\/www.nextgen.pr\/wp-content\/uploads\/2024\/11\/Flavors.jpg\" width=\"442\" height=\"563\" srcset=\"https:\/\/www.nextgen.pr\/wp-content\/uploads\/2024\/11\/Flavors.jpg 236w, https:\/\/www.nextgen.pr\/wp-content\/uploads\/2024\/11\/Flavors.jpg 442w\" sizes=\"auto, (max-width: 442px) 100vw, 442px\" class=\"wp-image-62\"><\/figure>\n<div class=\"content\">\n<h4>FLAVORS<\/h4>\n<div class=\"icon d-none  flaticon-cannabis-tincture\"><\/div>\n<\/p><\/div>\n<div class=\"overlay-content\">\n<div class=\"icon d-none  flaticon-cannabis-tincture\"><\/div>\n<h4 class=\"undefined\">FLAVORS<\/h4>\n<div class=\"text\">Innovation reaches your palate with Flavors, an alternative for patients looking to diversify their vaporization experience using unique, fun, and natural flavors.<\/div>\n<\/p><\/div>\n<\/p><\/div>\n<\/p><\/div>\n<p>\t\t\t\t<\/a>\n\t\t\t<\/div>\n<p>\t\t\t<!-- Service block --><\/p>\n<div class=\"service-block col-lg-4 col-md-6 col-sm-12 mb-md-30\">\n\t\t\t\t<a href=\"\/en\/catalogo-de-marcas\/heal\/\" class=\"\"><\/p>\n<div class=\"service-block lune-block\">\n<div class=\"inner-box\">\n<figure class=\"image\"><img loading=\"lazy\" decoding=\"async\" src=\"https:\/\/www.nextgen.pr\/wp-content\/uploads\/2023\/11\/logos-02.jpg\" width=\"444\" height=\"562\" srcset=\"https:\/\/www.nextgen.pr\/wp-content\/uploads\/2023\/11\/logos-02-237x300.jpg 237w, https:\/\/www.nextgen.pr\/wp-content\/uploads\/2023\/11\/logos-02.jpg 444w\" sizes=\"auto, (max-width: 444px) 100vw, 444px\" class=\"wp-image-47\"><\/figure>\n<div class=\"content\">\n<h4>HEAL<\/h4>\n<div class=\"icon d-none  flaticon-cannabis-tincture\"><\/div>\n<\/p><\/div>\n<div class=\"overlay-content\">\n<div class=\"icon d-none  flaticon-cannabis-tincture\"><\/div>\n<h4 class=\"undefined\">HEAL<\/h4>\n<div class=\"text\">At Heal+, we harness innovation to maximize the potential of nature. The result is a product line that maintains the dry effect of CBD alongside THC.<\/div>\n<\/p><\/div>\n<\/p><\/div>\n<\/p><\/div>\n<p>\t\t\t\t<\/a>\n\t\t\t<\/div>\n<div class=\"service-block col-lg-4 col-md-6 col-sm-12 mb-30\">\n\t\t\t\t<a href=\"\/en\/tyson\/\" class=\"\"><\/p>\n<div class=\"service-block lune-block\">\n<div class=\"inner-box\">\n<figure class=\"image\"><img loading=\"lazy\" decoding=\"async\" src=\"https:\/\/www.nextgen.pr\/wp-content\/uploads\/2024\/08\/tyson2-01-01.png\" width=\"1850\" height=\"2342\" srcset=\"https:\/\/www.nextgen.pr\/wp-content\/uploads\/2024\/08\/tyson2-01-01.png 1850w, https:\/\/www.nextgen.pr\/wp-content\/uploads\/2024\/08\/tyson2-01-01-237x300.png 237w, https:\/\/www.nextgen.pr\/wp-content\/uploads\/2024\/08\/tyson2-01-01-809x1024.png 809w, https:\/\/www.nextgen.pr\/wp-content\/uploads\/2024\/08\/tyson2-01-01-768x972.png 768w, https:\/\/www.nextgen.pr\/wp-content\/uploads\/2024\/08\/tyson2-01-01-1213x1536.png 1213w, https:\/\/www.nextgen.pr\/wp-content\/uploads\/2024\/08\/tyson2-01-01-1618x2048.png 1618w, https:\/\/www.nextgen.pr\/wp-content\/uploads\/2024\/08\/tyson2-01-01-9x12.png 9w\" sizes=\"auto, (max-width: 1850px) 100vw, 1850px\" class=\"wp-image-2193\"><\/figure>\n<div class=\"content\">\n<h4>Tyson 2.0<\/h4>\n<div class=\"icon d-none  flaticon-cannabis-Marijuana2\"><\/div>\n<\/p><\/div>\n<div class=\"overlay-content\">\n<div class=\"icon d-none  flaticon-cannabis-Marijuana2\"><\/div>\n<h4 class=\"undefined\">Tyson 2.0<\/h4>\n<div class=\"text\">TYSON 2.0 es una empresa de cannabis de primera \u00edndole, formada por el legendario boxeador, emprendedor e icono mundial Mike Tyson. La misi\u00f3n de la empresa es producir productos de cannabis innovadores y de alta calidad conocidos por su pureza, potencia y accesibilidad.<\/div>\n<\/p><\/div>\n<\/p><\/div>\n<\/p><\/div>\n<p>\t\t\t\t<\/a>\n\t\t\t<\/div>\n<div class=\"service-block col-lg-4 col-md-6 col-sm-12\">\n\t\t\t\t<a href=\"\/en\/ricflair\/\" class=\"\"><\/p>\n<div class=\"service-block lune-block\">\n<div class=\"inner-box\">\n<figure class=\"image\"><img loading=\"lazy\" decoding=\"async\" src=\"https:\/\/www.nextgen.pr\/wp-content\/uploads\/2023\/11\/logos-03.jpg\" width=\"444\" height=\"562\" srcset=\"https:\/\/www.nextgen.pr\/wp-content\/uploads\/2023\/11\/logos-03-237x300.jpg 237w, https:\/\/www.nextgen.pr\/wp-content\/uploads\/2024\/11\/RFDL.jpg 444w\" sizes=\"auto, (max-width: 444px) 100vw, 444px\" class=\"wp-image-48\"><\/figure>\n<div class=\"content\">\n<h4>Ric Flair Drip<\/h4>\n<div class=\"icon d-none  flaticon-cannabis-medicine1\"><\/div>\n<\/p><\/div>\n<div class=\"overlay-content\">\n<div class=\"icon d-none  flaticon-cannabis-medicine1\"><\/div>\n<h4 class=\"undefined\">Ric Flair Drip<\/h4>\n<div class=\"text\">\u00a1Ric Flair Drip ha llegado para la fiesta y est\u00e1s invitado! Formado con el mism\u00edsimo Nature Boy, con estilo, clase, paseos en limosina y vuelos en jet. \u00a1As\u00ed que rel\u00e1jate y divi\u00e9rtete!\n\t\t\t\t\t\t\t\t<\/div>\n<\/p><\/div>\n<\/p><\/div>\n<\/p><\/div>\n<p>\t\t\t\t<\/a>\n\t\t\t<\/div>\n<\/p><\/div>\n<\/p><\/div>\n<\/section>\n<p><!-- End Services Section --><\/p>\n<p><!-- Main Footer --><\/p>\n<p><!--End Main Footer --><\/p>","protected":false},"excerpt":{"rendered":"<p>Cat\u00e1logo de Marcas Home Cat\u00e1logo de Marcas FUEGO FUEGO Crecidas con las \u00faltimas innovaciones, las flores de Fuego se desarrollan bajo un proceso de crecimiento con la m\u00e1s r\u00edgida precisi\u00f3n SKYHI SKYHI SkyHi es un destilado con alto porciento de THC y terpenos extraidos de la misma cepa (strain specific), con caracter\u00edsticas especiales que lo [&hellip;]<\/p>\n","protected":false},"author":1,"featured_media":0,"parent":0,"menu_order":0,"comment_status":"closed","ping_status":"closed","template":"\/home\/nextgenpr\/nextgen.pr\/wp-content\/plugins\/lune-core\/templates\/base.php","meta":{"footnotes":""},"class_list":["post-148","page","type-page","status-publish","hentry"],"_links":{"self":[{"href":"https:\/\/www.nextgen.pr\/en\/wp-json\/wp\/v2\/pages\/148","targetHints":{"allow":["GET"]}}],"collection":[{"href":"https:\/\/www.nextgen.pr\/en\/wp-json\/wp\/v2\/pages"}],"about":[{"href":"https:\/\/www.nextgen.pr\/en\/wp-json\/wp\/v2\/types\/page"}],"author":[{"embeddable":true,"href":"https:\/\/www.nextgen.pr\/en\/wp-json\/wp\/v2\/users\/1"}],"replies":[{"embeddable":true,"href":"https:\/\/www.nextgen.pr\/en\/wp-json\/wp\/v2\/comments?post=148"}],"version-history":[{"count":11,"href":"https:\/\/www.nextgen.pr\/en\/wp-json\/wp\/v2\/pages\/148\/revisions"}],"predecessor-version":[{"id":3740,"href":"https:\/\/www.nextgen.pr\/en\/wp-json\/wp\/v2\/pages\/148\/revisions\/3740"}],"wp:attachment":[{"href":"https:\/\/www.nextgen.pr\/en\/wp-json\/wp\/v2\/media?parent=148"}],"curies":[{"name":"wp","href":"https:\/\/api.w.org\/{rel}","templated":true}]}}